{"id":90,"date":"2017-07-07T18:22:41","date_gmt":"2017-07-07T18:22:41","guid":{"rendered":"https:\/\/myrak.fi\/?page_id=90"},"modified":"2020-04-30T09:01:10","modified_gmt":"2020-04-30T07:01:10","slug":"evasteet","status":"publish","type":"page","link":"https:\/\/myrak.fi\/en\/evasteet\/","title":{"rendered":"Ev\u00e4stek\u00e4yt\u00e4nt\u00f6"},"content":{"rendered":"<p>Haluamme tehd\u00e4 verkkosis\u00e4ll\u00f6n k\u00e4ytt\u00e4miskokemuksesta mahdollisimman miellytt\u00e4v\u00e4n ja k\u00e4yt\u00e4mme siksi ev\u00e4steit\u00e4. Ev\u00e4steet ovat yksinkertaisia tietokoneeseen tallennettavia tekstitiedostoja. Ne ovat turvallisia eiv\u00e4tk\u00e4 sis\u00e4ll\u00e4 luottamuksellisia tietoja. Vastaanotat ev\u00e4steit\u00e4 heti siirtyess\u00e4si sivustoomme, ellet ole est\u00e4nyt niiden ottamista vastaan selaimesi asetuksissa. Jos jatkat t\u00e4m\u00e4n sivuston k\u00e4ytt\u00e4mist\u00e4, oletamme, ett\u00e4 suostut vastaanottamaan ev\u00e4steit\u00e4 siit\u00e4. Voit halutessasi muuttaa ev\u00e4steasetuksia koska tahansa.<\/p>\n<p>Useimmat selaimet hyv\u00e4ksyv\u00e4t ev\u00e4steet automaattisesti, mutta yleens\u00e4 on mahdollista muokata selaimen asetuksia siten, ett\u00e4 ev\u00e4steist\u00e4 kielt\u00e4ydyt\u00e4\u00e4n. Jos toimit n\u00e4in, sill\u00e4 voi olla vaikutuksia sivuston k\u00e4ytt\u00f6kokemukseen.<\/p>\n<h2>Mit\u00e4 ev\u00e4steet ovat?<\/h2>\n<p>Ev\u00e4steet ovat yksinkertaisia tietokoneeseen tallennettavia k\u00e4ytt\u00e4mist\u00e4si sivustoista per\u00e4isin olevia tekstitiedostoja. Niit\u00e4 k\u00e4ytet\u00e4\u00e4n yleisesti sivustojen toiminnan varmistamiseksi ja tehostamiseksi sek\u00e4 tietojen antamiseksi sivustojen omistajille.<\/p>\n<h2>Yleiskatsaus myrak.fi-sivuston ev\u00e4steisiin<\/h2>\n<p>Kaikkia ev\u00e4steiden sis\u00e4lt\u00e4mi\u00e4 tietoja k\u00e4ytet\u00e4\u00e4n t\u00e4ysin nimett\u00f6m\u00e4sti. Ev\u00e4steet eiv\u00e4t sis\u00e4ll\u00e4 tietoja, jotka tekev\u00e4t henkil\u00f6kohtaisen tunnistamisen mahdolliseksi. K\u00e4yt\u00f6ss\u00e4 on toimintaan vaikuttavia ev\u00e4steit\u00e4 ja seuraamisev\u00e4steit\u00e4.<\/p>\n<p>Toimintaan vaikuttavat ev\u00e4steet: N\u00e4iden ev\u00e4steiden avulla avulla voidaan tallentaa ja v\u00e4litt\u00e4\u00e4 k\u00e4ytt\u00e4j\u00e4n tekemi\u00e4 personointivalintoja. Jos k\u00e4ytt\u00e4j\u00e4 esimerkiksi valitsee automaattisen sis\u00e4\u00e4nkirjautumisen, voidaan t\u00e4m\u00e4 tieto tallentaa k\u00e4ytt\u00e4j\u00e4n selaimeen ev\u00e4steen muodossa.<\/p>\n<p>Seuraamisev\u00e4steet: N\u00e4iden ev\u00e4steiden avulla saadaan selville mm. sivuston k\u00e4ytt\u00e4jien m\u00e4\u00e4r\u00e4 ja sen suositut osat, jotta sivustoa voidaan kehitt\u00e4\u00e4. N\u00e4m\u00e4 tilastotiedot ovat nimett\u00f6mi\u00e4. Yksitt\u00e4isi\u00e4 k\u00e4ytt\u00e4ji\u00e4 ei seurata.<\/p>\n<h2>Kuinka voin muuttaa ev\u00e4steasetuksia selaimessani?<\/h2>\n<p>K\u00e4y k\u00e4ytt\u00e4m\u00e4si selaimen (esimerkiksi Apple Safari, Google Chrome, Microsoft Internet Explorer, Microsoft Edge, Mozilla Firefox tai Opera) asetuksissa ja muuta ev\u00e4steasetukset. Huomaa, ett\u00e4 ev\u00e4steiden est\u00e4minen voi vaikuttaa sivuston k\u00e4ytt\u00f6kokemukseesi.<\/p>\n<p>&nbsp;<\/p>","protected":false},"excerpt":{"rendered":"<p>Haluamme tehd\u00e4 verkkosis\u00e4ll\u00f6n k\u00e4ytt\u00e4miskokemuksesta mahdollisimman miellytt\u00e4v\u00e4n ja k\u00e4yt\u00e4mme siksi ev\u00e4steit\u00e4. Ev\u00e4steet ovat yksinkertaisia tietokoneeseen tallennettavia tekstitiedostoja. Ne ovat turvallisia eiv\u00e4tk\u00e4 sis\u00e4ll\u00e4 luottamuksellisia tietoja. Vastaanotat ev\u00e4steit\u00e4 heti siirtyess\u00e4si sivustoomme, ellet ole est\u00e4nyt niiden ottamista vastaan selaimesi asetuksissa. Jos jatkat t\u00e4m\u00e4n sivuston k\u00e4ytt\u00e4mist\u00e4, oletamme, ett\u00e4 suostut vastaanottamaan ev\u00e4steit\u00e4 siit\u00e4. Voit halutessasi muuttaa ev\u00e4steasetuksia koska tahansa. Useimmat selaimet [&hellip;]<\/p>","protected":false},"author":2,"featured_media":0,"parent":0,"menu_order":0,"comment_status":"closed","ping_status":"closed","template":"","meta":{"footnotes":""},"class_list":["post-90","page","type-page","status-publish","hentry"],"yoast_head":"<!-- This site is optimized with the Yoast SEO plugin v27.3 - https:\/\/yoast.com\/product\/yoast-seo-wordpress\/ -->\n<title>Ev\u00e4stek\u00e4yt\u00e4nt\u00f6 - Myrak<\/title>\n<meta name=\"robots\" content=\"index, follow, max-snippet:-1, max-image-preview:large, max-video-preview:-1\" \/>\n<link rel=\"canonical\" href=\"https:\/\/myrak.fi\/en\/evasteet\/\" \/>\n<meta property=\"og:locale\" content=\"en_GB\" \/>\n<meta property=\"og:type\" content=\"article\" \/>\n<meta property=\"og:title\" content=\"Ev\u00e4stek\u00e4yt\u00e4nt\u00f6 - Myrak\" \/>\n<meta property=\"og:description\" content=\"Haluamme tehd\u00e4 verkkosis\u00e4ll\u00f6n k\u00e4ytt\u00e4miskokemuksesta mahdollisimman miellytt\u00e4v\u00e4n ja k\u00e4yt\u00e4mme siksi ev\u00e4steit\u00e4. Ev\u00e4steet ovat yksinkertaisia tietokoneeseen tallennettavia tekstitiedostoja. Ne ovat turvallisia eiv\u00e4tk\u00e4 sis\u00e4ll\u00e4 luottamuksellisia tietoja. Vastaanotat ev\u00e4steit\u00e4 heti siirtyess\u00e4si sivustoomme, ellet ole est\u00e4nyt niiden ottamista vastaan selaimesi asetuksissa. Jos jatkat t\u00e4m\u00e4n sivuston k\u00e4ytt\u00e4mist\u00e4, oletamme, ett\u00e4 suostut vastaanottamaan ev\u00e4steit\u00e4 siit\u00e4. Voit halutessasi muuttaa ev\u00e4steasetuksia koska tahansa. Useimmat selaimet [&hellip;]\" \/>\n<meta property=\"og:url\" content=\"https:\/\/myrak.fi\/en\/evasteet\/\" \/>\n<meta property=\"og:site_name\" content=\"Myrak\" \/>\n<meta property=\"article:modified_time\" content=\"2020-04-30T07:01:10+00:00\" \/>\n<meta name=\"twitter:card\" content=\"summary_large_image\" \/>\n<meta name=\"twitter:label1\" content=\"Estimated reading time\" \/>\n\t<meta name=\"twitter:data1\" content=\"2 minutes\" \/>\n<script type=\"application\/ld+json\" class=\"yoast-schema-graph\">{\"@context\":\"https:\\\/\\\/schema.org\",\"@graph\":[{\"@type\":\"WebPage\",\"@id\":\"https:\\\/\\\/myrak.fi\\\/evasteet\\\/\",\"url\":\"https:\\\/\\\/myrak.fi\\\/evasteet\\\/\",\"name\":\"Ev\u00e4stek\u00e4yt\u00e4nt\u00f6 - Myrak\",\"isPartOf\":{\"@id\":\"https:\\\/\\\/myrak.fi\\\/#website\"},\"datePublished\":\"2017-07-07T18:22:41+00:00\",\"dateModified\":\"2020-04-30T07:01:10+00:00\",\"breadcrumb\":{\"@id\":\"https:\\\/\\\/myrak.fi\\\/evasteet\\\/#breadcrumb\"},\"inLanguage\":\"en-GB\",\"potentialAction\":[{\"@type\":\"ReadAction\",\"target\":[\"https:\\\/\\\/myrak.fi\\\/evasteet\\\/\"]}]},{\"@type\":\"BreadcrumbList\",\"@id\":\"https:\\\/\\\/myrak.fi\\\/evasteet\\\/#breadcrumb\",\"itemListElement\":[{\"@type\":\"ListItem\",\"position\":1,\"name\":\"Home\",\"item\":\"https:\\\/\\\/myrak.fi\\\/korjausurakointi\\\/\"},{\"@type\":\"ListItem\",\"position\":2,\"name\":\"Ev\u00e4stek\u00e4yt\u00e4nt\u00f6\"}]},{\"@type\":\"WebSite\",\"@id\":\"https:\\\/\\\/myrak.fi\\\/#website\",\"url\":\"https:\\\/\\\/myrak.fi\\\/\",\"name\":\"Myrak\",\"description\":\"\",\"potentialAction\":[{\"@type\":\"SearchAction\",\"target\":{\"@type\":\"EntryPoint\",\"urlTemplate\":\"https:\\\/\\\/myrak.fi\\\/?s={search_term_string}\"},\"query-input\":{\"@type\":\"PropertyValueSpecification\",\"valueRequired\":true,\"valueName\":\"search_term_string\"}}],\"inLanguage\":\"en-GB\"}]}<\/script>\n<!-- \/ Yoast SEO plugin. -->","yoast_head_json":{"title":"Ev\u00e4stek\u00e4yt\u00e4nt\u00f6 - Myrak","robots":{"index":"index","follow":"follow","max-snippet":"max-snippet:-1","max-image-preview":"max-image-preview:large","max-video-preview":"max-video-preview:-1"},"canonical":"https:\/\/myrak.fi\/en\/evasteet\/","og_locale":"en_GB","og_type":"article","og_title":"Ev\u00e4stek\u00e4yt\u00e4nt\u00f6 - Myrak","og_description":"Haluamme tehd\u00e4 verkkosis\u00e4ll\u00f6n k\u00e4ytt\u00e4miskokemuksesta mahdollisimman miellytt\u00e4v\u00e4n ja k\u00e4yt\u00e4mme siksi ev\u00e4steit\u00e4. Ev\u00e4steet ovat yksinkertaisia tietokoneeseen tallennettavia tekstitiedostoja. Ne ovat turvallisia eiv\u00e4tk\u00e4 sis\u00e4ll\u00e4 luottamuksellisia tietoja. Vastaanotat ev\u00e4steit\u00e4 heti siirtyess\u00e4si sivustoomme, ellet ole est\u00e4nyt niiden ottamista vastaan selaimesi asetuksissa. Jos jatkat t\u00e4m\u00e4n sivuston k\u00e4ytt\u00e4mist\u00e4, oletamme, ett\u00e4 suostut vastaanottamaan ev\u00e4steit\u00e4 siit\u00e4. Voit halutessasi muuttaa ev\u00e4steasetuksia koska tahansa. Useimmat selaimet [&hellip;]","og_url":"https:\/\/myrak.fi\/en\/evasteet\/","og_site_name":"Myrak","article_modified_time":"2020-04-30T07:01:10+00:00","twitter_card":"summary_large_image","twitter_misc":{"Estimated reading time":"2 minutes"},"schema":{"@context":"https:\/\/schema.org","@graph":[{"@type":"WebPage","@id":"https:\/\/myrak.fi\/evasteet\/","url":"https:\/\/myrak.fi\/evasteet\/","name":"Ev\u00e4stek\u00e4yt\u00e4nt\u00f6 - Myrak","isPartOf":{"@id":"https:\/\/myrak.fi\/#website"},"datePublished":"2017-07-07T18:22:41+00:00","dateModified":"2020-04-30T07:01:10+00:00","breadcrumb":{"@id":"https:\/\/myrak.fi\/evasteet\/#breadcrumb"},"inLanguage":"en-GB","potentialAction":[{"@type":"ReadAction","target":["https:\/\/myrak.fi\/evasteet\/"]}]},{"@type":"BreadcrumbList","@id":"https:\/\/myrak.fi\/evasteet\/#breadcrumb","itemListElement":[{"@type":"ListItem","position":1,"name":"Home","item":"https:\/\/myrak.fi\/korjausurakointi\/"},{"@type":"ListItem","position":2,"name":"Ev\u00e4stek\u00e4yt\u00e4nt\u00f6"}]},{"@type":"WebSite","@id":"https:\/\/myrak.fi\/#website","url":"https:\/\/myrak.fi\/","name":"Myrak","description":"","potentialAction":[{"@type":"SearchAction","target":{"@type":"EntryPoint","urlTemplate":"https:\/\/myrak.fi\/?s={search_term_string}"},"query-input":{"@type":"PropertyValueSpecification","valueRequired":true,"valueName":"search_term_string"}}],"inLanguage":"en-GB"}]}},"rttpg_featured_image_url":null,"rttpg_author":{"display_name":"myrakoy","author_link":"https:\/\/myrak.fi\/en\/author\/myrak\/"},"rttpg_comment":0,"rttpg_category":null,"rttpg_excerpt":"Haluamme tehd\u00e4 verkkosis\u00e4ll\u00f6n k\u00e4ytt\u00e4miskokemuksesta mahdollisimman miellytt\u00e4v\u00e4n ja k\u00e4yt\u00e4mme siksi ev\u00e4steit\u00e4. Ev\u00e4steet ovat yksinkertaisia tietokoneeseen tallennettavia tekstitiedostoja. Ne ovat turvallisia eiv\u00e4tk\u00e4 sis\u00e4ll\u00e4 luottamuksellisia tietoja. Vastaanotat ev\u00e4steit\u00e4 heti siirtyess\u00e4si sivustoomme, ellet ole est\u00e4nyt niiden ottamista vastaan selaimesi asetuksissa. Jos jatkat t\u00e4m\u00e4n sivuston k\u00e4ytt\u00e4mist\u00e4, oletamme, ett\u00e4 suostut vastaanottamaan ev\u00e4steit\u00e4 siit\u00e4. Voit halutessasi muuttaa ev\u00e4steasetuksia koska tahansa. Useimmat selaimet&hellip;","_links":{"self":[{"href":"https:\/\/myrak.fi\/en\/wp-json\/wp\/v2\/pages\/90","targetHints":{"allow":["GET"]}}],"collection":[{"href":"https:\/\/myrak.fi\/en\/wp-json\/wp\/v2\/pages"}],"about":[{"href":"https:\/\/myrak.fi\/en\/wp-json\/wp\/v2\/types\/page"}],"author":[{"embeddable":true,"href":"https:\/\/myrak.fi\/en\/wp-json\/wp\/v2\/users\/2"}],"replies":[{"embeddable":true,"href":"https:\/\/myrak.fi\/en\/wp-json\/wp\/v2\/comments?post=90"}],"version-history":[{"count":0,"href":"https:\/\/myrak.fi\/en\/wp-json\/wp\/v2\/pages\/90\/revisions"}],"wp:attachment":[{"href":"https:\/\/myrak.fi\/en\/wp-json\/wp\/v2\/media?parent=90"}],"curies":[{"name":"wp","href":"https:\/\/api.w.org\/{rel}","templated":true}]}}